{"id":8674,"date":"2025-08-27T15:59:42","date_gmt":"2025-08-27T15:59:42","guid":{"rendered":"https:\/\/cefa.nda-agency.com\/?page_id=8674"},"modified":"2025-09-16T12:22:09","modified_gmt":"2025-09-16T10:22:09","slug":"anfrage-ressourcen-downloads","status":"publish","type":"page","link":"https:\/\/circulareconomyforum.at\/en\/anfrage-ressourcen-downloads\/","title":{"rendered":"Anfrage: Ressourcen &amp; Downloads"},"content":{"rendered":"<section class=\"bde-section-8674-103 bde-section\">\n              \n  \n  \n\t\n\n\n\n<div class=\"section-container\"><div class=\"bde-text-8674-104 bde-text\">\nANTRAGSFORMULAR\n<\/div><h1 class=\"bde-heading-8674-105 bde-heading\">\nSie m\u00f6chten einen Beitrag zur Kreislaufwirtschaft leisten?\n<\/h1><div class=\"bde-columns-8674-106 bde-columns\"><div class=\"bde-column-8674-107 bde-column\">\n  \n  \n\t\n\n\n\n\n<\/div><div class=\"bde-column-8674-108 bde-column\">\n  \n  \n\t\n\n\n\n<div class=\"bde-text-8674-109 bde-text\">\nHier k\u00f6nnen Sie eigene Inhalte wie Fachartikel, Studien, Whitepapers oder Good-Practice-Beispiele einreichen, die wir gerne auf unserer Plattform ver\u00f6ffentlichen \u2013 sofern sie zu unserem inhaltlichen Fokus passen.<br><br>Ob wissenschaftlich, praxisorientiert oder inspirierend \u2013 wir freuen uns \u00fcber hochwertige Beitr\u00e4ge, die Wissen teilen, Diskussionen anregen und das zirkul\u00e4re Denken in \u00d6sterreich voranbringen.\n<\/div>\n<\/div><\/div><div class=\"bde-shortcode-8674-110 bde-shortcode\">\t\t\t<form data-id=\"form_68aeebd8e8651\" class=\"frontend-form -submit\" action=\"\" method=\"post\" novalidate=\"novalidate\" data-error-message=\"Oh nein! Ein Fehler ist aufgetreten, bitte versuchen Sie es in einigen Augenblicken erneut.\"> \r\n\t\t\t\t\t\t<div class=\"acf-form-data acf-hidden\">\r\n\t\t\t<input type=\"hidden\" name=\"_acf_screen\" value=\"fea_form\"\/><input type=\"hidden\" name=\"_acf_nonce\" value=\"39c99e4133\"\/><input type=\"hidden\" name=\"_acf_validation\" value=\"1\"\/><input type=\"hidden\" name=\"_acf_changed\" value=\"0\"\/><input type=\"hidden\" name=\"_acf_status\" value=\"\"\/><input type=\"hidden\" name=\"_acf_message\" value=\"\"\/><input type=\"hidden\" name=\"_acf_required_message\" value=\"Dieses Feld ist ein Pflichtfeld\"\/><input type=\"hidden\" name=\"_acf_current_url\" value=\"https:\/\/circulareconomyforum.at\/en\/wp-json\/wp\/v2\/pages\/8674\"\/><input type=\"hidden\" name=\"_acf_taxonomy_type\" value=\"category\"\/><input type=\"hidden\" name=\"_acf_form\" value=\"form_68aeebd8e8651\"\/><input type=\"hidden\" name=\"_acf_referer_url\" value=\"https:\/\/circulareconomyforum.at\/en\/wp-json\/wp\/v2\/pages\/8674\"\/><input type=\"hidden\" name=\"_acf_objects\" value=\"emI2YnppeGhDbCtNc2ZJZnJTMmdQZUNReEZVaU03M0I0M2JLR0dLaTRjdzFBWFhPY0VzRlNKUkxQVDVSN2VWMzF6MDcyRHhvVjZtYWw2bWlVbzgrbmJudExMWHdhZHpER2h6RkFWZFVtY2VQajgyTVlVVEZsSFdHU0NzTnU2eTY6Omff73xsnvJ0DReFgAdN\/oA=\"\/>\t\t\t<\/div>\r\n\t\t\t\t\t\t<div class=\"acf-fields acf-form-fields -top\">\t\t\t\t  \r\n\t\t\t<div class=\"acf-field acf-field-text acf-field--validate-email acf-hidden\" style=\"display:none !important\" data-name=\"_validate_email\" data-type=\"text\" data-key=\"_validate_email\"><div  class=\"acf-label\"><\/div><div class=\"acf-input\"><div class=\"acf-input-wrap\"><input type=\"text\" id=\"acff-_validate_email\" name=\"acff[_validate_email]\"\/><\/div><\/div><\/div><div class=\"acf-field acf-field-text acf-field-68aeebebc61f5\" data-name=\"rd_kp-vorname\" data-type=\"text\" data-key=\"field_68aeebebc61f5\"><div  class=\"acf-label\"><label for=\"acff-post-field_68aeebebc61f5\">Vorname<\/label><\/div><div class=\"acf-input\"><div class=\"acf-input-wrap\"><input type=\"text\" id=\"acff-post-field_68aeebebc61f5\" name=\"acff[post][field_68aeebebc61f5]\"\/><\/div><\/div><\/div><div class=\"acf-field acf-field-text acf-field-68aeec01c61f6\" data-name=\"rd_kp-nachname\" data-type=\"text\" data-key=\"field_68aeec01c61f6\"><div  class=\"acf-label\"><label for=\"acff-post-field_68aeec01c61f6\">Nachname<\/label><\/div><div class=\"acf-input\"><div class=\"acf-input-wrap\"><input type=\"text\" id=\"acff-post-field_68aeec01c61f6\" name=\"acff[post][field_68aeec01c61f6]\"\/><\/div><\/div><\/div><div class=\"acf-field acf-field-email acf-field-68aeec0cc61f7\" data-name=\"rd_kp-e-mail-adresse\" data-type=\"email\" data-key=\"field_68aeec0cc61f7\"><div  class=\"acf-label\"><label for=\"acff-post-field_68aeec0cc61f7\">E-Mail-Adresse<\/label><\/div><div class=\"acf-input\"><div class=\"acf-input-wrap\"><input type=\"email\" id=\"acff-post-field_68aeec0cc61f7\" name=\"acff[post][field_68aeec0cc61f7]\"\/><\/div><\/div><\/div><div class=\"acf-field acf-field-number acf-field-68aeec18c61f8\" data-name=\"rd_kp-telefonnummer\" data-type=\"number\" data-key=\"field_68aeec18c61f8\"><div  class=\"acf-label\"><label for=\"acff-post-field_68aeec18c61f8\">Telefonnummer<\/label><\/div><div class=\"acf-input\"><div class=\"acf-input-wrap\"><input type=\"number\" id=\"acff-post-field_68aeec18c61f8\" name=\"acff[post][field_68aeec18c61f8]\" step=\"any\"\/><\/div><\/div><\/div><div class=\"acf-field acf-field-text acf-field-689b4c050e713\" data-name=\"rd_titel\" data-type=\"text\" data-key=\"field_689b4c050e713\"><div  class=\"acf-label\"><label for=\"acff-post-field_689b4c050e713\">Titel<\/label><\/div><div class=\"acf-input\"><div class=\"acf-input-wrap\"><input type=\"text\" id=\"acff-post-field_689b4c050e713\" name=\"acff[post][field_689b4c050e713]\"\/><\/div><\/div><\/div><div class=\"acf-field acf-field-wysiwyg acf-field-68aed336dec47\" data-name=\"rd_inhalt\" data-type=\"wysiwyg\" data-key=\"field_68aed336dec47\"><div  class=\"acf-label\"><label for=\"acff-post-field_68aed336dec47\">Inhalt<\/label><\/div><div class=\"acf-input\">\t\t<div id=\"wp-acf-editor-69ffd36a95453-wrap\" class=\"acf-editor-wrap wp-core-ui wp-editor-wrap tmce-active\" data-toolbar=\"full\">\n\t\t\t<div id=\"wp-acf-editor-69ffd36a95453-editor-tools\" class=\"wp-editor-tools hide-if-no-js\">\n\t\t\t\t\t\t\t\t\t\t\t\t\t\t<div class=\"wp-editor-tabs\">\n\t\t\t\t\t\t<button id=\"acf-editor-69ffd36a95453-tmce\" class=\"wp-switch-editor switch-tmce\" data-wp-editor-id=\"acf-editor-69ffd36a95453\" type=\"button\">Visual<\/button>\n\t\t\t\t\t\t<button id=\"acf-editor-69ffd36a95453-html\" class=\"wp-switch-editor switch-html\" data-wp-editor-id=\"acf-editor-69ffd36a95453\" type=\"button\">Text<\/button>\n\t\t\t\t\t<\/div>\n\t\t\t\t\t\t\t<\/div>\n\t\t\t<div id=\"wp-acf-editor-69ffd36a95453-editor-container\" class=\"wp-editor-container\">\n\t\t\t\t\t\t\t\t\t\t<textarea id=\"acf-editor-69ffd36a95453\" class=\"wp-editor-area\" name=\"acff[post][field_68aed336dec47]\" style=\"height:300px;\"><\/textarea>\t\t\t<\/div>\n\t\t<\/div>\n\t\t\t<\/div><\/div><div class=\"acf-field acf-field-text acf-field-68aed350dec48\" data-name=\"rd_hinweistext-download\" data-type=\"text\" data-key=\"field_68aed350dec48\"><div  class=\"acf-label\"><label for=\"acff-post-field_68aed350dec48\">Hinweistext: Download<\/label><\/div><div class=\"acf-input\"><div class=\"acf-input-wrap\"><input type=\"text\" id=\"acff-post-field_68aed350dec48\" name=\"acff[post][field_68aed350dec48]\"\/><\/div><\/div><\/div><div class=\"acf-field acf-field-upload-files acf-field-68aed367dec49 acf-uploads image-field\" style=\"width:100%;\" data-name=\"rd_dokument-anhangen\" data-type=\"upload_files\" data-key=\"field_68aed367dec49\" data-width=\"100\"><div  class=\"acf-label\"><label for=\"acff-post-field_68aed367dec49\">Dokument anh\u00e4ngen<\/label><\/div><div class=\"acf-input\">\t\t<div id=\"acff-post-field_68aed367dec49\" class=\"fea-uploads acf-hidden\" data-library=\"all\" data-uploader=\"basic\" data-min=\"\" data-max=\"\" data-mime_types=\"\" data-insert=\"append\" data-columns=\"4\" data-allowed_types=\"image, pdf\" data-resize=\"0\" data-min_size=\"\" data-min_width=\"\" data-min_height=\"\" data-max_size=\"\" data-max_width=\"1920\" data-max_height=\"1080\" data-click_event=\"edit\" data-open_in_lightbox=\"0\">\r\n\t\t\t\r\n\t\t\t<div class=\"acf-hidden\">\r\n\t\t\t\t<input type=\"hidden\" name=\"acff[post][field_68aed367dec49]\" value=\"\"\/>\t\t\t<\/div>\r\n\r\n\t\t\t\t\t\t\r\n\t\t\t<div class=\"fea-uploads-main\">\r\n\t\t\t\t\r\n\t\t\t\t<div class=\"fea-uploads-attachments\">\r\n\t\t\t\t\t\t\t\t\t\r\n\t\t\t\t\t\t\t\t\t\t\t\r\n\t\t\t\t\t\t\t\t\t\r\n\t\t\t\t<\/div>\r\n\r\n\t\t\t\t<div class=\"image-preview-clone acf-hidden\">\r\n\t\t\t\t\t\t<div class=\"thumbnail\">\r\n\t\t\t\t\t\t\t<img decoding=\"async\" data-default=\"https:\/\/circulareconomyforum.at\/wp-includes\/images\/media\/default.png\" src=\"\" alt=\"\" title=\"\"\/>\r\n\t\t\t\t\t\t<\/div>\r\n\t\t\t\t\t<div class=\"actions\">\r\n\t\t\t\t\t\t<a class=\"acf-icon -cancel dark small fea-uploads-remove\" href=\"#\" title=\"Remove\"><\/a>\r\n\t\t\t\t\t<\/div>\r\n\t\t\t\t\t\t\t\t\t\t\t<div class=\"uploads-progress\"><div class=\"percent\">0%<\/div><div class=\"bar\"><\/div><\/div>\r\n\t\t\t\t\t\t\t\t\t<\/div>\r\n\r\n\t\t\t\t<div class=\"file-meta-data clone\"><div class=\"acf-field acf-field-text\" data-name=\"title\" data-type=\"text\"><div  class=\"acf-label\"><label for=\"acff-file_data-field_68aed367dec49-{file-index}-title\">Title<\/label><\/div><div class=\"acf-input\"><div class=\"acf-input-wrap\"><input type=\"text\" id=\"acff-file_data-field_68aed367dec49-{file-index}-title\" class=\"fea-file-meta title\" name=\"acff[file_data][field_68aed367dec49][{file-index}][title]\" disabled=\"disabled\"\/><\/div><\/div><\/div><div class=\"acf-field acf-field-text\" data-name=\"alt\" data-type=\"text\"><div  class=\"acf-label\"><label for=\"acff-file_data-field_68aed367dec49-{file-index}-alt\">Alternative Text<\/label><\/div><div class=\"acf-input\"><p class=\"description\">Leave empty if the image is purely decorative.<\/p><div class=\"acf-input-wrap\"><input type=\"text\" id=\"acff-file_data-field_68aed367dec49-{file-index}-alt\" class=\"fea-file-meta alt\" name=\"acff[file_data][field_68aed367dec49][{file-index}][alt]\" disabled=\"disabled\"\/><\/div><\/div><\/div><div class=\"acf-field acf-field-textarea\" data-name=\"caption\" data-type=\"textarea\"><div  class=\"acf-label\"><label for=\"acff-file_data-field_68aed367dec49-{file-index}-caption\">Caption<\/label><\/div><div class=\"acf-input\"><textarea id=\"acff-file_data-field_68aed367dec49-{file-index}-caption\" class=\"fea-file-meta caption\" name=\"acff[file_data][field_68aed367dec49][{file-index}]\" rows=\"3\" disabled=\"disabled\"><\/textarea><\/div><\/div><div class=\"acf-field acf-field-textarea\" data-name=\"description\" data-type=\"textarea\"><div  class=\"acf-label\"><label for=\"acff-file_data-field_68aed367dec49-{file-index}-description\">Description<\/label><\/div><div class=\"acf-input\"><textarea id=\"acff-file_data-field_68aed367dec49-{file-index}-description\" class=\"fea-file-meta description\" name=\"acff[file_data][field_68aed367dec49][{file-index}][description]\" rows=\"3\" disabled=\"disabled\"><\/textarea><\/div><\/div><\/div>\t\t\t\t\r\n\t\t\t<\/div>\r\n\t\t\t\r\n\t\t\t<div class=\"fea-uploads-side\">\r\n\t\t\t<div class=\"fea-uploads-side-inner\">\r\n\t\t\t\t\t\r\n\t\t\t\t<div class=\"fea-uploads-side-data\"><\/div>\r\n\t\t\t\t\t\t\t\t\r\n\t\t\t\t<div class=\"fea-uploads-toolbar\">\r\n\t\t\t\t\t\r\n\t\t\t\t\t<ul class=\"acf-hl\">\r\n\t\t\t\t\t\t<li>\r\n\t\t\t\t\t\t\t<a href=\"#\" class=\"acf-button button fea-uploads-close\">Close<\/a>\r\n\t\t\t\t\t\t<\/li>\r\n\t\t\t\t\t\t<li class=\"acf-fr\">\r\n\t\t\t\t\t\t\t<a class=\"acf-button button button-primary fea-uploads-update\" href=\"#\">Update<\/a>\r\n\t\t\t\t\t\t<\/li>\r\n\t\t\t\t\t<\/ul>\r\n\t\t\t\t\t\r\n\t\t\t\t<\/div>\r\n\t\t\t\t\r\n\t\t\t<\/div>    \r\n\t\t\t<\/div>\r\n\t\t\t\r\n\t\t<\/div>\r\n\r\n\t\t<div class=\"fea-uploads-toolbar\">\r\n\t\t\t\t\t\r\n\t\t\t<ul class=\"acf-hl\">\r\n\t\t\t\t\t\t\t\t\t<li>\r\n\t\t\t\t\t\t<label class=\"acf-basic-uploader file-drop\">\r\n\t\t\t\t\t<input type=\"file\" name=\"upload_files_input\" id=\"acff-post-field_68aed367dec49\" class=\"images-preview\" multiple=\"true\" accept=\"image\/*,application\/pdf\" \/>\t\t\t\t\t\t\t\r\n\t\t\t\t\t\t<\/label>\r\n\t\t\t\t\t<\/li>\r\n\t\t\t\t\r\n\t\t\t\t\t\t\t\t\t\t<li>\r\n\t\t\t\t\t\t<a href=\"#\" class=\"acf-button button button-primary fea-uploads-add\">Add Files<\/a>\r\n\t\t\t\t\t<\/li>\r\n\t\t\t\t\t\t\t\t\t\t\t\t\t\t<li class=\"acf-fr acf-hidden\">\r\n\t\t\t\t\t<select class=\"fea-uploads-sort\">\r\n\t\t\t\t\t\t<option value=\"\">Bulk actions<\/option>\r\n\t\t\t\t\t\t<option value=\"date\">Sort by date uploaded<\/option>\r\n\t\t\t\t\t\t<option value=\"modified\">Sort by date modified<\/option>\r\n\t\t\t\t\t\t<option value=\"title\">Sort by title<\/option>\r\n\t\t\t\t\t\t<option value=\"reverse\">Reverse current order<\/option>\r\n\t\t\t\t\t<\/select>\r\n\t\t\t\t<\/li>\r\n\t\t\t\t\t\t<\/ul>\r\n\t\t\t\r\n\t\t<\/div>\r\n\t\t\t<\/div><\/div><div class=\"acf-field acf-field-url acf-field-68aedc71cc4ca frontend-admin-hidden\" data-name=\"rd_dokument-link\" data-type=\"url\" data-key=\"field_68aedc71cc4ca\"><div  class=\"acf-label\"><label for=\"acff-post-field_68aedc71cc4ca\">Dokument Link<\/label><\/div><div class=\"acf-input\"><div class=\"acf-input-wrap acf-url\"><i class=\"acf-icon -globe -small\"><\/i><input type=\"url\" id=\"acff-post-field_68aedc71cc4ca\" name=\"acff[post][field_68aedc71cc4ca]\"\/><\/div><\/div><\/div><div class=\"acf-field acf-field-upload-image acf-field-68b054bb90e37 acf-uploads image-field\" data-name=\"fea_featured_image\" data-type=\"upload_image\" data-key=\"field_68b054bb90e37\" data-field_type=\"upload_image\"><div  class=\"acf-label\"><label for=\"acff-post-field_68b054bb90e37\">Beitragsbild<\/label><\/div><div class=\"acf-input\"><div class=\"acf-image-uploader show-preview\" data-preview_size=\"medium\" data-library=\"all\" data-mime_types=\"png, jpg, jpeg, webp\" data-uploader=\"basic\" data-resize=\"0\" data-min_size=\"\" data-min_width=\"\" data-min_height=\"\" data-max_size=\"\" data-max_width=\"1920\" data-max_height=\"1080\" data-preview_type=\"img\">\r\n\t\t\t<input type=\"hidden\" data-name=\"id\" name=\"acff[post][field_68b054bb90e37]\" value=\"\"\/>\r\n\t\t<div class=\"show-if-value image-wrap\" \r\n\t\t\t\t\t\tstyle=\"max-width: 300px\"\r\n\t\t\t\t\t\t\t\t\t\t\t\t\t\t\t\t\t\t\t\t\t\t>\r\n\t\t\t\t\t<img decoding=\"async\" data-name=\"image\" src=\"https:\/\/circulareconomyforum.at\/wp-includes\/images\/media\/default.png\" alt=\"\"\/>\r\n\t\t<div class=\"acf-actions -hover\">\r\n\t\t\t<a class=\"acf-icon -pencil dark\" data-name=\"edit-preview\" href=\"#\" title=\"Edit\"><\/a>\r\n\t\t\t<a class=\"acf-icon -cancel dark\" data-name=\"remove\" href=\"#\" title=\"Remove\"><\/a>\r\n\t\t<\/div>\r\n\t<\/div>\r\n\t<div class=\"hide-if-value\">\r\n\t\t\t\t\t\t<label class=\"acf-basic-uploader file-drop\">\r\n\t\t\t\t<input type=\"file\" name=\"file_input\" id=\"acff-post-field_68b054bb90e37\" class=\"image-preview\" accept=\"image\/*\" \/>\t\t\t\t<div class=\"file-custom\">\r\n\t\t\t\t\t\t\t<p>Kein Beitragsbild ausgew\u00e4hlt\t\t\t\t<a data-name=\"add\" class=\"acf-button button\" href=\"#\">\r\n\t\t\t\t\tBeitragsbild hochladen\t\t\t\t\t\t\t\t\t<\/a>\r\n\t\t\t<\/p>\r\n\t\t\t\t\t\t<\/div>\r\n\t\t\t<\/label>\r\n\t\t\t\t<div class=\"file-meta-data\"><div class=\"acf-field acf-field-text\" data-name=\"title\" data-type=\"text\"><div  class=\"acf-label\"><label for=\"acff-file_data-field_68b054bb90e37-title\">Title<\/label><\/div><div class=\"acf-input\"><div class=\"acf-input-wrap\"><input type=\"text\" id=\"acff-file_data-field_68b054bb90e37-title\" class=\"fea-file-meta title\" name=\"acff[file_data][field_68b054bb90e37][title]\" disabled=\"disabled\"\/><\/div><\/div><\/div><div class=\"acf-field acf-field-text\" data-name=\"alt\" data-type=\"text\"><div  class=\"acf-label\"><label for=\"acff-file_data-field_68b054bb90e37-alt\">Alternative Text<\/label><\/div><div class=\"acf-input\"><p class=\"description\">Leave empty if the image is purely decorative.<\/p><div class=\"acf-input-wrap\"><input type=\"text\" id=\"acff-file_data-field_68b054bb90e37-alt\" class=\"fea-file-meta alt\" name=\"acff[file_data][field_68b054bb90e37][alt]\" disabled=\"disabled\"\/><\/div><\/div><\/div><div class=\"acf-field acf-field-textarea\" data-name=\"caption\" data-type=\"textarea\"><div  class=\"acf-label\"><label for=\"acff-file_data-field_68b054bb90e37-caption\">Caption<\/label><\/div><div class=\"acf-input\"><textarea id=\"acff-file_data-field_68b054bb90e37-caption\" class=\"fea-file-meta caption\" name=\"acff[file_data][field_68b054bb90e37]\" rows=\"3\" disabled=\"disabled\"><\/textarea><\/div><\/div><div class=\"acf-field acf-field-textarea\" data-name=\"description\" data-type=\"textarea\"><div  class=\"acf-label\"><label for=\"acff-file_data-field_68b054bb90e37-description\">Description<\/label><\/div><div class=\"acf-input\"><textarea id=\"acff-file_data-field_68b054bb90e37-description\" class=\"fea-file-meta description\" name=\"acff[file_data][field_68b054bb90e37][description]\" rows=\"3\" disabled=\"disabled\"><\/textarea><\/div><\/div><button type=\"button\" class=\"update-meta button button-primary\">Update Image<\/button><\/div>\t\t\t\t\r\n\t\t<\/div>\r\n\t\t\t\t<div class=\"frontend-admin-hidden uploads-progress\"><div class=\"percent\">0%<\/div><div class=\"bar\"><\/div><\/div>\r\n\t\t<\/div>\r\n\t\t\t<\/div><\/div><div class=\"acf-field acf-field-true-false acf-field-68b82e6a5f77d is-required\" data-name=\"f-rd_datenschutzerlarung\" data-type=\"true_false\" data-key=\"field_68b82e6a5f77d\" data-required=\"1\"><div  class=\"acf-label\"><label for=\"acff-post-field_68b82e6a5f77d\">Datenschutzerl\u00e4rung <span class=\"acf-required\">*<\/span><\/label><\/div><div class=\"acf-input\"><div class=\"acf-true-false\">\n\t\t\t<input type=\"hidden\" name=\"acff[post][field_68b82e6a5f77d]\" value=\"0\"\/>\t<label>\n\t\t<input type=\"checkbox\" id=\"acff-post-field_68b82e6a5f77d\" name=\"acff[post][field_68b82e6a5f77d]\" value=\"1\" class=\"\" autocomplete=\"off\"\/>\n\t\t\t\t\t\t\t\t\t\t<span class=\"message\">Mit der Speicherung und Verarbeitung meiner pers\u00f6nlichen Daten durch Circular Economy Forum Austria bin ich einverstanden, habe die <a href=\"https:\/\/cefa.nda-agency.com\/datenschutz\/\" target=\"_blank\">Datenschutzerkl\u00e4rung<\/a> zur Kenntnis genommen und akzeptiere sie hiermit ausdr\u00fccklich.<\/span>\t<\/label>\n<\/div>\n\t\t\t<\/div><\/div><div class=\"acf-field acf-field-submit-button acf-field-68aeeb115f4af\" data-type=\"submit_button\" data-key=\"field_68aeeb115f4af\"><div class=\"acf-input\"><button type=\"button\" class=\"fea-submit-button button button-primary\" data-state=\"submit\" data-success=\"\" data-redirect=\"https:\/\/circulareconomyforum.at\/anfrage-danke\/\">Jetzt senden<\/button><\/div><\/div><div class=\"acf-field acf-field-radio acf-field-68aeeb115e93f frontend-admin-hidden\" data-name=\"fea_post_status\" data-type=\"radio\" data-key=\"field_68aeeb115e93f\"><div  class=\"acf-label\"><label id=\"acff-post-field_68aeeb115e93f-label\">Post Status<\/label><\/div><div class=\"acf-input\"><input type=\"hidden\" name=\"acff[post][field_68aeeb115e93f]\"\/><ul class=\"acf-radio-list acf-bl\" data-allow_null=\"0\" data-other_choice=\"0\" role=\"radiogroup\" aria-labelledby=\"acff-post-field_68aeeb115e93f-label\"><li><label><input type=\"radio\" id=\"acff-post-field_68aeeb115e93f-publish\" name=\"acff[post][field_68aeeb115e93f]\" value=\"publish\"\/>Published<\/label><\/li><li><label class=\"selected\"><input type=\"radio\" id=\"acff-post-field_68aeeb115e93f-draft\" name=\"acff[post][field_68aeeb115e93f]\" value=\"draft\" checked=\"checked\"\/>Draft<\/label><\/li><li><label><input type=\"radio\" id=\"acff-post-field_68aeeb115e93f-pending\" name=\"acff[post][field_68aeeb115e93f]\" value=\"pending\"\/>Pending<\/label><\/li><li><label><input type=\"radio\" id=\"acff-post-field_68aeeb115e93f-private\" name=\"acff[post][field_68aeeb115e93f]\" value=\"private\"\/>Private<\/label><\/li><\/ul><\/div><\/div>\t\t\t<\/div>\r\n\t\t\t<\/form>\r\n\t\t\t<\/div><\/div>\n<\/section>","protected":false},"excerpt":{"rendered":"<p>ANTRAGSFORMULAR Sie m\u00f6chten einen Beitrag zur Kreislaufwirtschaft leisten? Hier k\u00f6nnen Sie eigene Inhalte wie Fachartikel, Studien, Whitepapers oder Good-Practice-Beispiele einreichen, die wir gerne auf unserer Plattform ver\u00f6ffentlichen \u2013 sofern sie [&hellip;]<\/p>\n","protected":false},"author":2,"featured_media":0,"parent":0,"menu_order":0,"comment_status":"closed","ping_status":"closed","template":"","meta":{"_acf_changed":false,"_breakdance_hide_in_design_set":false,"_breakdance_tags":"","footnotes":""},"class_list":["post-8674","page","type-page","status-publish","hentry"],"acf":[],"yoast_head":"<!-- This site is optimized with the Yoast SEO Premium plugin v27.4 (Yoast SEO v27.4) - https:\/\/yoast.com\/product\/yoast-seo-premium-wordpress\/ -->\n<title>Anfrage: Ressourcen &amp; Downloads - Circular Economy Forum Austria<\/title>\n<meta name=\"robots\" content=\"index, follow, max-snippet:-1, max-image-preview:large, max-video-preview:-1\" \/>\n<link rel=\"canonical\" href=\"https:\/\/circulareconomyforum.at\/en\/anfrage-ressourcen-downloads\/\" \/>\n<meta property=\"og:locale\" content=\"en_GB\" \/>\n<meta property=\"og:type\" content=\"article\" \/>\n<meta property=\"og:title\" content=\"Anfrage: Ressourcen &amp; Downloads\" \/>\n<meta property=\"og:description\" content=\"ANTRAGSFORMULAR Sie m\u00f6chten einen Beitrag zur Kreislaufwirtschaft leisten? Hier k\u00f6nnen Sie eigene Inhalte wie Fachartikel, Studien, Whitepapers oder Good-Practice-Beispiele einreichen, die wir gerne auf unserer Plattform ver\u00f6ffentlichen \u2013 sofern sie [&hellip;]\" \/>\n<meta property=\"og:url\" content=\"https:\/\/circulareconomyforum.at\/en\/anfrage-ressourcen-downloads\/\" \/>\n<meta property=\"og:site_name\" content=\"Circular Economy Forum Austria\" \/>\n<meta property=\"article:modified_time\" content=\"2025-09-16T10:22:09+00:00\" \/>\n<meta property=\"og:image\" content=\"https:\/\/circulareconomyforum.at\/wp-content\/uploads\/2025\/04\/cefa-fallback.png\" \/>\n\t<meta property=\"og:image:width\" content=\"1920\" \/>\n\t<meta property=\"og:image:height\" content=\"1080\" \/>\n\t<meta property=\"og:image:type\" content=\"image\/png\" \/>\n<meta name=\"twitter:card\" content=\"summary_large_image\" \/>\n<script type=\"application\/ld+json\" class=\"yoast-schema-graph\">{\"@context\":\"https:\\\/\\\/schema.org\",\"@graph\":[{\"@type\":\"WebPage\",\"@id\":\"https:\\\/\\\/circulareconomyforum.at\\\/anfrage-ressourcen-downloads\\\/\",\"url\":\"https:\\\/\\\/circulareconomyforum.at\\\/anfrage-ressourcen-downloads\\\/\",\"name\":\"Anfrage: Ressourcen &amp; Downloads - Circular Economy Forum Austria\",\"isPartOf\":{\"@id\":\"https:\\\/\\\/circulareconomyforum.at\\\/#website\"},\"datePublished\":\"2025-08-27T15:59:42+00:00\",\"dateModified\":\"2025-09-16T10:22:09+00:00\",\"breadcrumb\":{\"@id\":\"https:\\\/\\\/circulareconomyforum.at\\\/anfrage-ressourcen-downloads\\\/#breadcrumb\"},\"inLanguage\":\"en-GB\",\"potentialAction\":[{\"@type\":\"ReadAction\",\"target\":[\"https:\\\/\\\/circulareconomyforum.at\\\/anfrage-ressourcen-downloads\\\/\"]}]},{\"@type\":\"BreadcrumbList\",\"@id\":\"https:\\\/\\\/circulareconomyforum.at\\\/anfrage-ressourcen-downloads\\\/#breadcrumb\",\"itemListElement\":[{\"@type\":\"ListItem\",\"position\":1,\"name\":\"Startseite\",\"item\":\"https:\\\/\\\/circulareconomyforum.at\\\/\"},{\"@type\":\"ListItem\",\"position\":2,\"name\":\"Anfrage: Ressourcen &amp; Downloads\"}]},{\"@type\":\"WebSite\",\"@id\":\"https:\\\/\\\/circulareconomyforum.at\\\/#website\",\"url\":\"https:\\\/\\\/circulareconomyforum.at\\\/\",\"name\":\"Circular Economy Forum Austria\",\"description\":\"\",\"potentialAction\":[{\"@type\":\"SearchAction\",\"target\":{\"@type\":\"EntryPoint\",\"urlTemplate\":\"https:\\\/\\\/circulareconomyforum.at\\\/?s={search_term_string}\"},\"query-input\":{\"@type\":\"PropertyValueSpecification\",\"valueRequired\":true,\"valueName\":\"search_term_string\"}}],\"inLanguage\":\"en-GB\"}]}<\/script>\n<!-- \/ Yoast SEO Premium plugin. -->","yoast_head_json":{"title":"Anfrage: Ressourcen &amp; Downloads - Circular Economy Forum Austria","robots":{"index":"index","follow":"follow","max-snippet":"max-snippet:-1","max-image-preview":"max-image-preview:large","max-video-preview":"max-video-preview:-1"},"canonical":"https:\/\/circulareconomyforum.at\/en\/anfrage-ressourcen-downloads\/","og_locale":"en_GB","og_type":"article","og_title":"Anfrage: Ressourcen &amp; Downloads","og_description":"ANTRAGSFORMULAR Sie m\u00f6chten einen Beitrag zur Kreislaufwirtschaft leisten? Hier k\u00f6nnen Sie eigene Inhalte wie Fachartikel, Studien, Whitepapers oder Good-Practice-Beispiele einreichen, die wir gerne auf unserer Plattform ver\u00f6ffentlichen \u2013 sofern sie [&hellip;]","og_url":"https:\/\/circulareconomyforum.at\/en\/anfrage-ressourcen-downloads\/","og_site_name":"Circular Economy Forum Austria","article_modified_time":"2025-09-16T10:22:09+00:00","og_image":[{"width":1920,"height":1080,"url":"https:\/\/circulareconomyforum.at\/wp-content\/uploads\/2025\/04\/cefa-fallback.png","type":"image\/png"}],"twitter_card":"summary_large_image","schema":{"@context":"https:\/\/schema.org","@graph":[{"@type":"WebPage","@id":"https:\/\/circulareconomyforum.at\/anfrage-ressourcen-downloads\/","url":"https:\/\/circulareconomyforum.at\/anfrage-ressourcen-downloads\/","name":"Anfrage: Ressourcen &amp; Downloads - Circular Economy Forum Austria","isPartOf":{"@id":"https:\/\/circulareconomyforum.at\/#website"},"datePublished":"2025-08-27T15:59:42+00:00","dateModified":"2025-09-16T10:22:09+00:00","breadcrumb":{"@id":"https:\/\/circulareconomyforum.at\/anfrage-ressourcen-downloads\/#breadcrumb"},"inLanguage":"en-GB","potentialAction":[{"@type":"ReadAction","target":["https:\/\/circulareconomyforum.at\/anfrage-ressourcen-downloads\/"]}]},{"@type":"BreadcrumbList","@id":"https:\/\/circulareconomyforum.at\/anfrage-ressourcen-downloads\/#breadcrumb","itemListElement":[{"@type":"ListItem","position":1,"name":"Startseite","item":"https:\/\/circulareconomyforum.at\/"},{"@type":"ListItem","position":2,"name":"Anfrage: Ressourcen &amp; Downloads"}]},{"@type":"WebSite","@id":"https:\/\/circulareconomyforum.at\/#website","url":"https:\/\/circulareconomyforum.at\/","name":"Circular Economy Forum Austria","description":"","potentialAction":[{"@type":"SearchAction","target":{"@type":"EntryPoint","urlTemplate":"https:\/\/circulareconomyforum.at\/?s={search_term_string}"},"query-input":{"@type":"PropertyValueSpecification","valueRequired":true,"valueName":"search_term_string"}}],"inLanguage":"en-GB"}]}},"_links":{"self":[{"href":"https:\/\/circulareconomyforum.at\/en\/wp-json\/wp\/v2\/pages\/8674","targetHints":{"allow":["GET"]}}],"collection":[{"href":"https:\/\/circulareconomyforum.at\/en\/wp-json\/wp\/v2\/pages"}],"about":[{"href":"https:\/\/circulareconomyforum.at\/en\/wp-json\/wp\/v2\/types\/page"}],"author":[{"embeddable":true,"href":"https:\/\/circulareconomyforum.at\/en\/wp-json\/wp\/v2\/users\/2"}],"replies":[{"embeddable":true,"href":"https:\/\/circulareconomyforum.at\/en\/wp-json\/wp\/v2\/comments?post=8674"}],"version-history":[{"count":0,"href":"https:\/\/circulareconomyforum.at\/en\/wp-json\/wp\/v2\/pages\/8674\/revisions"}],"wp:attachment":[{"href":"https:\/\/circulareconomyforum.at\/en\/wp-json\/wp\/v2\/media?parent=8674"}],"curies":[{"name":"wp","href":"https:\/\/api.w.org\/{rel}","templated":true}]}}