{"id":7945,"date":"2025-07-16T07:36:55","date_gmt":"2025-07-16T07:36:55","guid":{"rendered":"https:\/\/cefa.nda-agency.com\/?page_id=7945"},"modified":"2025-09-09T14:34:54","modified_gmt":"2025-09-09T12:34:54","slug":"kreislaufwirtschaft","status":"publish","type":"page","link":"https:\/\/circulareconomyforum.at\/en\/kreislaufwirtschaft\/","title":{"rendered":"What is the circular economy?"},"content":{"rendered":"<section class=\"bde-section-7945-100 bde-section\">\n              \n  \n  \n\t\n\n\n\n<div class=\"section-container\"><div class=\"bde-text-7945-215 bde-text\">\nIndependent<br>Expertise since 2020\n<\/div><h1 class=\"bde-heading-7945-101 bde-heading\">\nWhat is the circular economy?\n<\/h1><div class=\"bde-columns-7945-118 bde-columns\"><div class=\"bde-column-7945-119 bde-column\">\n  \n  \n\t\n\n\n\n\n<\/div><div class=\"bde-column-7945-120 bde-column\">\n  \n  \n\t\n\n\n\n<div class=\"bde-text-7945-121 bde-text cstm-bg-stroke\">\nThe concept of the circular economy is <span>regenerative<\/span>, contributes to competitiveness and climate neutrality and promotes a <span>Sustainable, high-quality industry<\/span>. Digital innovation, climate protection, job creation and growth within planetary boundaries promote location development as well as increasing resilience, and enable more <span>Independence from global supply chains<\/span>.\n<\/div>\n<\/div><\/div><div class=\"bde-columns-7945-220 bde-columns\"><div class=\"bde-column-7945-221 bde-column\">\n  \n  \n\t\n\n\n\n<img decoding=\"async\" class=\"bde-image2-7945-1007 bde-image2\" src=\"https:\/\/circulareconomyforum.at\/wp-content\/uploads\/2025\/06\/Team.webp\" loading=\"lazy\" srcset=\"https:\/\/circulareconomyforum.at\/wp-content\/uploads\/2025\/06\/Team.webp 1920w, https:\/\/circulareconomyforum.at\/wp-content\/uploads\/2025\/06\/Team-300x200.webp 300w, https:\/\/circulareconomyforum.at\/wp-content\/uploads\/2025\/06\/Team-1024x683.webp 1024w, https:\/\/circulareconomyforum.at\/wp-content\/uploads\/2025\/06\/Team-768x512.webp 768w, https:\/\/circulareconomyforum.at\/wp-content\/uploads\/2025\/06\/Team-1536x1024.webp 1536w\" sizes=\"(max-width: 1920px) 100vw, 1920px\">\n<\/div><div class=\"bde-column-7945-222 bde-column\">\n  \n  \n\t\n\n\n\n<h4 class=\"bde-heading-7945-997 bde-heading\">\nCircular economy\n<\/h4><div class=\"bde-text-7945-223 bde-text cstm-bg-stroke\">\nIn an economic environment that needs to reorient itself globally in terms of employment and growth, the circular economy offers concepts for sustainable innovative business models, from design to utilisation, repair and reuse to recycling. Given the increasing scarcity of natural resources and corresponding national and international guidelines and regulations, it is now more important than ever to support companies in achieving more with less.\n<\/div>\n<\/div><\/div><div class=\"bde-columns-7945-226 bde-columns\"><div class=\"bde-column-7945-227 bde-column\">\n  \n  \n\t\n\n\n\n\n<\/div><div class=\"bde-column-7945-229 bde-column\">\n  \n  \n\t\n\n\n\n<div class=\"bde-text-7945-230 bde-text cstm-bg-stroke\">\nA regenerative circular economy increases the value of material resources while minimising overall resource consumption, greenhouse gas emissions, waste and pollution. Circularity is a property of a system (e.g. a city's mobility system) and not a property of an individual product or service (e.g. a car or a car-sharing service). The transition to a circular economy therefore requires product, business model and system innovations.<br><br>Recommendations and objectives for regenerative economic activity, the use of renewable energies and the creation of value-added cycles can be found in the\u00a0<span>Agenda 2030 \"Transforming our World\"<\/span>\u00a0 of the United Nations (also Sustainable Development Goals, SDGs) and in the\u00a0<span>legally binding Paris climate agreement<\/span>\u00a0as well as in the action plan of the EU Green Deal, the EU Industrial Strategy and the new Circular Economy Action Plan. The EU Recovery Plan, which provides the tools for building a modern, clean and healthy economy to secure the livelihoods of the next generation, also emphasises the importance of innovation for the transition to a clean, competitive and climate-neutral circular economy.\n<\/div>\n<\/div><\/div><\/div>\n<\/section><section id=\"testimonials\" class=\"bde-section-7945-1030 bde-section\">\n              \n  \n  \n\t\n\n\n\n<div class=\"section-container\"><h1 class=\"bde-heading-7945-1002 bde-heading\">\nWhere do we stand in Austria?\n<\/h1><div class=\"bde-columns-7945-1003 bde-columns\"><div class=\"bde-column-7945-1004 bde-column\">\n  \n  \n\t\n\n\n\n\n<\/div><div class=\"bde-column-7945-1005 bde-column\">\n  \n  \n\t\n\n\n\n<div class=\"bde-text-7945-1006 bde-text cstm-bg-stroke\">\nWith the <span>EU Circular Economy Action Plan<\/span> (Circular Economy Action Plan), the topic was established as a central pillar of sustainable transformation in Europe in 2020. As a result, Austria has its own 2022 <span>Circular economy strategy<\/span> was adopted. The aim is to develop the economy and society towards a climate-neutral, resource-conserving and circular future by 2050.\n<\/div>\n<\/div><\/div><div class=\"bde-columns-7945-1011 bde-columns\"><div class=\"bde-column-7945-1012 bde-column\">\n  \n  \n\t\n\n\n\n<img decoding=\"async\" class=\"bde-image2-7945-1013 bde-image2\" src=\"https:\/\/circulareconomyforum.at\/wp-content\/uploads\/2025\/08\/Titelbilder-Ressourcen-Downloads-2.png\" loading=\"lazy\" srcset=\"https:\/\/circulareconomyforum.at\/wp-content\/uploads\/2025\/08\/Titelbilder-Ressourcen-Downloads-2.png 1920w, https:\/\/circulareconomyforum.at\/wp-content\/uploads\/2025\/08\/Titelbilder-Ressourcen-Downloads-2-300x169.png 300w, https:\/\/circulareconomyforum.at\/wp-content\/uploads\/2025\/08\/Titelbilder-Ressourcen-Downloads-2-1024x576.png 1024w, https:\/\/circulareconomyforum.at\/wp-content\/uploads\/2025\/08\/Titelbilder-Ressourcen-Downloads-2-768x432.png 768w, https:\/\/circulareconomyforum.at\/wp-content\/uploads\/2025\/08\/Titelbilder-Ressourcen-Downloads-2-1536x864.png 1536w, https:\/\/circulareconomyforum.at\/wp-content\/uploads\/2025\/08\/Titelbilder-Ressourcen-Downloads-2-18x10.png 18w\" sizes=\"(max-width: 1920px) 100vw, 1920px\">\n<\/div><div class=\"bde-column-7945-1014 bde-column\">\n  \n  \n\t\n\n\n\n<h4 class=\"bde-heading-7945-1015 bde-heading\">\nThe strategy pursues four key objectives:\n<\/h4><div class=\"bde-rich-text-7945-1215 bde-rich-text breakdance-rich-text-styles\">\n<ul>\n<li>Conservation of natural resources<\/li>\n<li>Avoidance of waste (Zero Waste<\/li>\n<li>Prevention of environmental pollution (zero pollution)<\/li>\n<li>Reduction of greenhouse gas emissions (climate protection)<\/li>\n<\/ul>\n<\/div>\n<\/div><\/div><\/div>\n<\/section><section class=\"bde-section-7945-1206 bde-section\">\n  \n  \n\t\n\n\n\n<div class=\"section-container\"><div class=\"bde-columns-7945-1021 bde-columns\"><div class=\"bde-column-7945-1022 bde-column\">\n  \n  \n\t\n\n\n\n<h4 class=\"bde-heading-7945-1025 bde-heading\">\nOur actions are guided by the 10R principles for circular economy:\n<\/h4><img decoding=\"async\" class=\"bde-image2-7945-1023 bde-image2\" src=\"https:\/\/circulareconomyforum.at\/wp-content\/uploads\/2025\/08\/Bildschirmfoto-2025-08-29-um-12.36.13.png\" loading=\"lazy\" srcset=\"https:\/\/circulareconomyforum.at\/wp-content\/uploads\/2025\/08\/Bildschirmfoto-2025-08-29-um-12.36.13.png 768w, https:\/\/circulareconomyforum.at\/wp-content\/uploads\/2025\/08\/Bildschirmfoto-2025-08-29-um-12.36.13-169x300.png 169w, https:\/\/circulareconomyforum.at\/wp-content\/uploads\/2025\/08\/Bildschirmfoto-2025-08-29-um-12.36.13-577x1024.png 577w, https:\/\/circulareconomyforum.at\/wp-content\/uploads\/2025\/08\/Bildschirmfoto-2025-08-29-um-12.36.13-7x12.png 7w\" sizes=\"(max-width: 768px) 100vw, 768px\">\n<\/div><div class=\"bde-column-7945-1024 bde-column\">\n  \n  \n\t\n\n\n\n<h4 class=\"bde-heading-7945-1027 bde-heading\">\nThe following quantitative targets were defined to make progress measurable:\n<\/h4><div class=\"bde-text-7945-1026 bde-text cstm-bg-stroke\" data-parallax=\"true\">\n-<b>\tTarget 1a<\/b>Reduction of the material footprint (MF) to 7 tonnes per capita per year by 2050 <br><br>-<b>\tGoal 1b<\/b>Reduction of domestic material consumption (DMC) to 14 tonnes per capita per year by 2030 <br><br>-\t<b>Goal 2<\/b>Increase in domestic resource productivity by 50 % by 2030 (base year: 2015)  <br><br>-\t<b>Goal 3<\/b>Increase in the circularity rate to 18 % by 2030 <br><br>-\t<b>Goal 4<\/b>Reduction of per capita municipal waste generation by 10 % by 2030 (as an indicator for private consumption) <br>\n<\/div>\n<\/div><\/div><div class=\"bde-columns-7945-1017 bde-columns\"><div class=\"bde-column-7945-1018 bde-column\">\n  \n  \n\t\n\n\n\n\n<\/div><div class=\"bde-column-7945-1019 bde-column\">\n  \n  \n\t\n\n\n\n<div class=\"bde-text-7945-1020 bde-text cstm-bg-stroke\">\nTo realise this, the <span>Task Force Circular Economy<\/span> The Bioeconomy Strategy is an interdisciplinary committee with representatives from business, science, administration and civil society. It supports the implementation of the strategy, develops recommendations and promotes links with other topics such as the bioeconomy.<br><br>The status of implementation is regularly reviewed in <span>Progress reports<\/span> documented. The first report was published in 2024 and shows a predominantly positive trend in the key indicators. The second progress report will be published in autumn 2025.<br><br>Also in the current <span>Government programme 2025-2029<\/span> the further development of the circular economy is firmly anchored. A concrete implementation plan, an improved monitoring system and stronger cross-departmental cooperation are planned. The circular economy thus remains a central building block for the sustainable development and competitiveness of Austria as a business location.<br><br>\n<\/div>\n<\/div><\/div><\/div>\n<\/section><section class=\"bde-section-7945-1207 bde-section\">\n              \n  \n  \n\t\n\n\n\n<div class=\"section-container\"><div class=\"bde-div-7945-1208 bde-div\">\n  \n  \n\t\n\n\n\n<div class=\"bde-div-7945-1209 bde-div\">\n  \n  \n\t\n\n\n\n<div class=\"bde-text-7945-1210 bde-text\">\nSuccess stories\n<\/div><h2 class=\"bde-heading-7945-1211 bde-heading\">\nProjects of the Circular Economy Forum Austria\n<\/h2>\n<\/div><div class=\"bde-div-7945-1212 bde-div\">\n  \n  \n\t\n\n\n\n<div class=\"bde-button-7945-1213 bde-button\">\n        \n    \n    \n    \n    \n            \n                    \n            \n            \n\n    \n    \n    \n    \n    \n    <a class=\"breakdance-link button-atom button-atom--secondary bde-button__button\" href=\"https:\/\/circulareconomyforum.at\/en\/projekte\/\" target=\"_self\" data-type=\"url\"  >\n\n    \n        <span class=\"button-atom__text\">Further projects<\/span>\n\n        \n        \n                <\/a>\n\n    \n\n\n<\/div>\n<\/div>\n<\/div><div class=\"bde-post-loop-7945-1214 bde-post-loop\"><div class=\"bde-loop bde-loop-grid ee-posts ee-posts-grid\">    <article class=\"bde-loop-item ee-post\">\n        <div class=\"bde-div-7597-115-10603-7597-1 bde-div bde-div-7597-115\">\n  \n  \n\t\n\n\n\n<style>.breakdance .bde-div-7597-109-10603-7597-1{background-image:url(https:\/\/circulareconomyforum.at\/wp-content\/uploads\/2025\/10\/251024_Konstituierende-Sitzung-Presentation-2.png);background-size:contain;background-repeat:no-repeat;background-position:center center}@media (max-width:1023px){.breakdance .bde-div-7597-109-10603-7597-1{background-size:cover;background-repeat:no-repeat;background-position:center center}}<\/style><div class=\"bde-div-7597-109-10603-7597-1 bde-div bde-div-7597-109\">\n  \n  \n\t\n\n\n\n\n<\/div><div class=\"bde-div-7597-110-10603-7597-1 bde-div bde-div-7597-110\">\n  \n  \n\t\n\n\n\n<div class=\"bde-div-7597-111-10603-7597-1 bde-div bde-div-7597-111\">\n  \n  \n\t\n\n\n\n<h3 class=\"bde-heading-7597-112-10603-7597-1 bde-heading bde-heading-7597-112\">\nCircular economy team: Austria-wide support for municipalities begins\n<\/h3><div class=\"bde-text-7597-113-10603-7597-1 bde-text bde-text-7597-113\">\nThe \u201eTeam Circular Economy\u201c project funded by the Federal Ministry of Agriculture, Forestry, Regions and Water Management (BMLUK) will start in October 2025. The aim is to help municipalities and regi...\n<\/div>\n<\/div><a class=\"bde-text-link-7597-114-10603-7597-1 bde-text-link bde-text-link-7597-114 breakdance-link\" href=\"https:\/\/circulareconomyforum.at\/en\/projekte\/teamkreislaufwirtschaft\/\" target=\"_self\" data-type=\"url\">\n  Learn more\n\n<\/a>\n<\/div>\n<\/div>    <\/article>\n    <article class=\"bde-loop-item ee-post\">\n        <div class=\"bde-div-7597-115-8980-7597-1 bde-div bde-div-7597-115\">\n  \n  \n\t\n\n\n\n<style>.breakdance .bde-div-7597-109-8980-7597-1{background-image:url(https:\/\/circulareconomyforum.at\/wp-content\/uploads\/2025\/04\/cefa-fallback.png);background-size:contain;background-repeat:no-repeat;background-position:center center}@media (max-width:1023px){.breakdance .bde-div-7597-109-8980-7597-1{background-size:cover;background-repeat:no-repeat;background-position:center center}}<\/style><div class=\"bde-div-7597-109-8980-7597-1 bde-div bde-div-7597-109\">\n  \n  \n\t\n\n\n\n\n<\/div><div class=\"bde-div-7597-110-8980-7597-1 bde-div bde-div-7597-110\">\n  \n  \n\t\n\n\n\n<div class=\"bde-div-7597-111-8980-7597-1 bde-div bde-div-7597-111\">\n  \n  \n\t\n\n\n\n<h3 class=\"bde-heading-7597-112-8980-7597-1 bde-heading bde-heading-7597-112\">\nCircular Cities &amp; Regions Roundtable\n<\/h3><div class=\"bde-text-7597-113-8980-7597-1 bde-text bde-text-7597-113\">\nA regular exchange format for the circular economy in cities and regions. Four times a year, we bring together representatives from federal states, cities, municipalities and regions to discuss activities...\n<\/div>\n<\/div><a class=\"bde-text-link-7597-114-8980-7597-1 bde-text-link bde-text-link-7597-114 breakdance-link\" href=\"https:\/\/circulareconomyforum.at\/en\/projekte\/circular-cities-regions-roundtable\/\" target=\"_self\" data-type=\"url\">\n  Learn more\n\n<\/a>\n<\/div>\n<\/div>    <\/article>\n    <article class=\"bde-loop-item ee-post\">\n        <div class=\"bde-div-7597-115-8979-7597-1 bde-div bde-div-7597-115\">\n  \n  \n\t\n\n\n\n<style>.breakdance .bde-div-7597-109-8979-7597-1{background-image:url(https:\/\/circulareconomyforum.at\/wp-content\/uploads\/2025\/08\/Bildschirmfoto-2025-08-29-um-10.50.08-scaled.png);background-size:contain;background-repeat:no-repeat;background-position:center center}@media (max-width:1023px){.breakdance .bde-div-7597-109-8979-7597-1{background-size:cover;background-repeat:no-repeat;background-position:center center}}<\/style><div class=\"bde-div-7597-109-8979-7597-1 bde-div bde-div-7597-109\">\n  \n  \n\t\n\n\n\n\n<\/div><div class=\"bde-div-7597-110-8979-7597-1 bde-div bde-div-7597-110\">\n  \n  \n\t\n\n\n\n<div class=\"bde-div-7597-111-8979-7597-1 bde-div bde-div-7597-111\">\n  \n  \n\t\n\n\n\n<h3 class=\"bde-heading-7597-112-8979-7597-1 bde-heading bde-heading-7597-112\">\nKRAISBAU - Circular economy in the construction industry\n<\/h3><div class=\"bde-text-7597-113-8979-7597-1 bde-text bde-text-7597-113\">\nKRAISBAU is an FFG-funded flagship project for the circular transformation of the construction industry in Austria. Together with more than 30 partners, the project is developing innovative strategies, digital tools and...\n<\/div>\n<\/div><a class=\"bde-text-link-7597-114-8979-7597-1 bde-text-link bde-text-link-7597-114 breakdance-link\" href=\"https:\/\/circulareconomyforum.at\/en\/projekte\/kraisbau\/\" target=\"_self\" data-type=\"url\">\n  Learn more\n\n<\/a>\n<\/div>\n<\/div>    <\/article>\n<\/div>\r\n<\/div><\/div>\n<\/section>","protected":false},"excerpt":{"rendered":"<p>Unabh\u00e4ngigeKompetenz seit 2020 Was ist Kreislaufwirtschaft? Kreislaufwirtschaft ist von ihrer Konzeption her regenerativ, tr\u00e4gt zur Wettbewerbsf\u00e4higkeit und Klimaneutralit\u00e4t bei und f\u00f6rdert eine nachhaltige, hochwertige Industrie. Digitale Innovation, Klimaschutz, Schaffung von [&hellip;]<\/p>\n","protected":false},"author":1,"featured_media":0,"parent":0,"menu_order":0,"comment_status":"closed","ping_status":"closed","template":"","meta":{"_acf_changed":false,"_breakdance_hide_in_design_set":false,"_breakdance_tags":"","footnotes":""},"class_list":["post-7945","page","type-page","status-publish","hentry"],"acf":[],"yoast_head":"<!-- This site is optimized with the Yoast SEO Premium plugin v27.4 (Yoast SEO v27.4) - https:\/\/yoast.com\/product\/yoast-seo-premium-wordpress\/ -->\n<title>Was ist Kreislaufwirtschaft? - Circular Economy Forum Austria<\/title>\n<meta name=\"robots\" content=\"index, follow, max-snippet:-1, max-image-preview:large, max-video-preview:-1\" \/>\n<link rel=\"canonical\" href=\"https:\/\/circulareconomyforum.at\/en\/kreislaufwirtschaft\/\" \/>\n<meta property=\"og:locale\" content=\"en_GB\" \/>\n<meta property=\"og:type\" content=\"article\" \/>\n<meta property=\"og:title\" content=\"Was ist Kreislaufwirtschaft?\" \/>\n<meta property=\"og:description\" content=\"Unabh\u00e4ngigeKompetenz seit 2020 Was ist Kreislaufwirtschaft? Kreislaufwirtschaft ist von ihrer Konzeption her regenerativ, tr\u00e4gt zur Wettbewerbsf\u00e4higkeit und Klimaneutralit\u00e4t bei und f\u00f6rdert eine nachhaltige, hochwertige Industrie. Digitale Innovation, Klimaschutz, Schaffung von [&hellip;]\" \/>\n<meta property=\"og:url\" content=\"https:\/\/circulareconomyforum.at\/en\/kreislaufwirtschaft\/\" \/>\n<meta property=\"og:site_name\" content=\"Circular Economy Forum Austria\" \/>\n<meta property=\"article:modified_time\" content=\"2025-09-09T12:34:54+00:00\" \/>\n<meta property=\"og:image\" content=\"https:\/\/circulareconomyforum.at\/wp-content\/uploads\/2025\/04\/cefa-fallback.png\" \/>\n\t<meta property=\"og:image:width\" content=\"1920\" \/>\n\t<meta property=\"og:image:height\" content=\"1080\" \/>\n\t<meta property=\"og:image:type\" content=\"image\/png\" \/>\n<meta name=\"twitter:card\" content=\"summary_large_image\" \/>\n<script type=\"application\/ld+json\" class=\"yoast-schema-graph\">{\"@context\":\"https:\\\/\\\/schema.org\",\"@graph\":[{\"@type\":\"WebPage\",\"@id\":\"https:\\\/\\\/circulareconomyforum.at\\\/kreislaufwirtschaft\\\/\",\"url\":\"https:\\\/\\\/circulareconomyforum.at\\\/kreislaufwirtschaft\\\/\",\"name\":\"Was ist Kreislaufwirtschaft? - Circular Economy Forum Austria\",\"isPartOf\":{\"@id\":\"https:\\\/\\\/circulareconomyforum.at\\\/#website\"},\"datePublished\":\"2025-07-16T07:36:55+00:00\",\"dateModified\":\"2025-09-09T12:34:54+00:00\",\"breadcrumb\":{\"@id\":\"https:\\\/\\\/circulareconomyforum.at\\\/kreislaufwirtschaft\\\/#breadcrumb\"},\"inLanguage\":\"en-GB\",\"potentialAction\":[{\"@type\":\"ReadAction\",\"target\":[\"https:\\\/\\\/circulareconomyforum.at\\\/kreislaufwirtschaft\\\/\"]}]},{\"@type\":\"BreadcrumbList\",\"@id\":\"https:\\\/\\\/circulareconomyforum.at\\\/kreislaufwirtschaft\\\/#breadcrumb\",\"itemListElement\":[{\"@type\":\"ListItem\",\"position\":1,\"name\":\"Startseite\",\"item\":\"https:\\\/\\\/circulareconomyforum.at\\\/\"},{\"@type\":\"ListItem\",\"position\":2,\"name\":\"Was ist Kreislaufwirtschaft?\"}]},{\"@type\":\"WebSite\",\"@id\":\"https:\\\/\\\/circulareconomyforum.at\\\/#website\",\"url\":\"https:\\\/\\\/circulareconomyforum.at\\\/\",\"name\":\"Circular Economy Forum Austria\",\"description\":\"\",\"potentialAction\":[{\"@type\":\"SearchAction\",\"target\":{\"@type\":\"EntryPoint\",\"urlTemplate\":\"https:\\\/\\\/circulareconomyforum.at\\\/?s={search_term_string}\"},\"query-input\":{\"@type\":\"PropertyValueSpecification\",\"valueRequired\":true,\"valueName\":\"search_term_string\"}}],\"inLanguage\":\"en-GB\"}]}<\/script>\n<!-- \/ Yoast SEO Premium plugin. -->","yoast_head_json":{"title":"Was ist Kreislaufwirtschaft? - Circular Economy Forum Austria","robots":{"index":"index","follow":"follow","max-snippet":"max-snippet:-1","max-image-preview":"max-image-preview:large","max-video-preview":"max-video-preview:-1"},"canonical":"https:\/\/circulareconomyforum.at\/en\/kreislaufwirtschaft\/","og_locale":"en_GB","og_type":"article","og_title":"Was ist Kreislaufwirtschaft?","og_description":"Unabh\u00e4ngigeKompetenz seit 2020 Was ist Kreislaufwirtschaft? Kreislaufwirtschaft ist von ihrer Konzeption her regenerativ, tr\u00e4gt zur Wettbewerbsf\u00e4higkeit und Klimaneutralit\u00e4t bei und f\u00f6rdert eine nachhaltige, hochwertige Industrie. Digitale Innovation, Klimaschutz, Schaffung von [&hellip;]","og_url":"https:\/\/circulareconomyforum.at\/en\/kreislaufwirtschaft\/","og_site_name":"Circular Economy Forum Austria","article_modified_time":"2025-09-09T12:34:54+00:00","og_image":[{"width":1920,"height":1080,"url":"https:\/\/circulareconomyforum.at\/wp-content\/uploads\/2025\/04\/cefa-fallback.png","type":"image\/png"}],"twitter_card":"summary_large_image","schema":{"@context":"https:\/\/schema.org","@graph":[{"@type":"WebPage","@id":"https:\/\/circulareconomyforum.at\/kreislaufwirtschaft\/","url":"https:\/\/circulareconomyforum.at\/kreislaufwirtschaft\/","name":"Was ist Kreislaufwirtschaft? - Circular Economy Forum Austria","isPartOf":{"@id":"https:\/\/circulareconomyforum.at\/#website"},"datePublished":"2025-07-16T07:36:55+00:00","dateModified":"2025-09-09T12:34:54+00:00","breadcrumb":{"@id":"https:\/\/circulareconomyforum.at\/kreislaufwirtschaft\/#breadcrumb"},"inLanguage":"en-GB","potentialAction":[{"@type":"ReadAction","target":["https:\/\/circulareconomyforum.at\/kreislaufwirtschaft\/"]}]},{"@type":"BreadcrumbList","@id":"https:\/\/circulareconomyforum.at\/kreislaufwirtschaft\/#breadcrumb","itemListElement":[{"@type":"ListItem","position":1,"name":"Startseite","item":"https:\/\/circulareconomyforum.at\/"},{"@type":"ListItem","position":2,"name":"Was ist Kreislaufwirtschaft?"}]},{"@type":"WebSite","@id":"https:\/\/circulareconomyforum.at\/#website","url":"https:\/\/circulareconomyforum.at\/","name":"Circular Economy Forum Austria","description":"","potentialAction":[{"@type":"SearchAction","target":{"@type":"EntryPoint","urlTemplate":"https:\/\/circulareconomyforum.at\/?s={search_term_string}"},"query-input":{"@type":"PropertyValueSpecification","valueRequired":true,"valueName":"search_term_string"}}],"inLanguage":"en-GB"}]}},"_links":{"self":[{"href":"https:\/\/circulareconomyforum.at\/en\/wp-json\/wp\/v2\/pages\/7945","targetHints":{"allow":["GET"]}}],"collection":[{"href":"https:\/\/circulareconomyforum.at\/en\/wp-json\/wp\/v2\/pages"}],"about":[{"href":"https:\/\/circulareconomyforum.at\/en\/wp-json\/wp\/v2\/types\/page"}],"author":[{"embeddable":true,"href":"https:\/\/circulareconomyforum.at\/en\/wp-json\/wp\/v2\/users\/1"}],"replies":[{"embeddable":true,"href":"https:\/\/circulareconomyforum.at\/en\/wp-json\/wp\/v2\/comments?post=7945"}],"version-history":[{"count":0,"href":"https:\/\/circulareconomyforum.at\/en\/wp-json\/wp\/v2\/pages\/7945\/revisions"}],"wp:attachment":[{"href":"https:\/\/circulareconomyforum.at\/en\/wp-json\/wp\/v2\/media?parent=7945"}],"curies":[{"name":"wp","href":"https:\/\/api.w.org\/{rel}","templated":true}]}}