{"id":7882,"date":"2025-06-18T14:22:52","date_gmt":"2025-06-18T14:22:52","guid":{"rendered":"https:\/\/cefa.nda-agency.com\/?page_id=7882"},"modified":"2025-09-03T10:43:18","modified_gmt":"2025-09-03T08:43:18","slug":"kontakt","status":"publish","type":"page","link":"https:\/\/circulareconomyforum.at\/en\/kontakt\/","title":{"rendered":"Contact us"},"content":{"rendered":"<section class=\"bde-section-7882-984 bde-section\">\n  \n  \n\t\n\n\n\n<div class=\"section-container\"><div class=\"bde-text-7882-985 bde-text\">\nMoving more together\n<\/div><h1 class=\"bde-heading-7882-986 bde-heading\">\nContact us\n<\/h1><div class=\"bde-columns-7882-989 bde-columns\"><div class=\"bde-column-7882-990 bde-column\">\n  \n  \n\t\n\n\n\n\n<\/div><div class=\"bde-column-7882-991 bde-column\">\n  \n  \n\t\n\n\n\n<div class=\"bde-text-7882-992 bde-text\">\nWould you like to find out more about our work, initiate a co-operation or ask us a question? We look forward to hearing from you!<br><br>We are at your disposal for enquiries, networking opportunities or feedback. <br><br>Write to us - we will get back to you as soon as possible.\n<\/div>\n<\/div><\/div><img decoding=\"async\" class=\"bde-image2-7882-1003 bde-image2\" src=\"https:\/\/circulareconomyforum.at\/wp-content\/uploads\/2025\/06\/Team.webp\" loading=\"lazy\" srcset=\"https:\/\/circulareconomyforum.at\/wp-content\/uploads\/2025\/06\/Team.webp 1920w, https:\/\/circulareconomyforum.at\/wp-content\/uploads\/2025\/06\/Team-300x200.webp 300w, https:\/\/circulareconomyforum.at\/wp-content\/uploads\/2025\/06\/Team-1024x683.webp 1024w, https:\/\/circulareconomyforum.at\/wp-content\/uploads\/2025\/06\/Team-768x512.webp 768w, https:\/\/circulareconomyforum.at\/wp-content\/uploads\/2025\/06\/Team-1536x1024.webp 1536w\" sizes=\"(max-width: 1920px) 100vw, 1920px\"><div class=\"bde-columns-7882-1399 bde-columns\"><div class=\"bde-column-7882-1400 bde-column\">\n  \n  \n\t\n\n\n\n\n<\/div><div class=\"bde-column-7882-1401 bde-column\">\n  \n  \n\t\n\n\n\n<div class=\"bde-shortcode-7882-1409 bde-shortcode\">    <script charset=\"utf-8\" type=\"text\/javascript\" src=\"\/\/js-eu1.hsforms.net\/forms\/embed\/v2.js\"><\/script>\n    <script>\n      hbspt.forms.create({\n        portalId: \"143208784\",\n        formId: \"184a38f3-7f7d-4a92-9155-1ccb4e756df1\",\n        region: \"eu1\"\n      });\n    <\/script>\n    <div id=\"hubspot-form\"><\/div>\n    <br><\/div>\n<\/div><\/div><\/div>\n<\/section><section class=\"bde-section-7882-1423 bde-section\">\n  \n  \n\t\n\n\n\n<div class=\"section-container\"><div class=\"bde-globalblock-7882-1436 bde-globalblock\"><section class=\"bde-section-8210-100-8210-1 bde-section bde-section-8210-100\">\n  \n  \n\t\n\n\n\n<div class=\"section-container\"><div class=\"bde-columns-8210-101-8210-1 bde-columns bde-columns-8210-101\"><div class=\"bde-column-8210-102-8210-1 bde-column bde-column-8210-102\">\n  \n  \n\t\n\n\n\n<div class=\"bde-image-8210-103-8210-1 bde-image bde-image-8210-103\" data-parallax=\"true\">\n<figure class=\"breakdance-image breakdance-image--9785\">\n\t<div class=\"breakdance-image-container\">\n\t\t<div class=\"breakdance-image-clip\"><img loading=\"lazy\" decoding=\"async\" class=\"breakdance-image-object\" src=\"https:\/\/circulareconomyforum.at\/wp-content\/uploads\/2025\/09\/CEFA_Mockup_2025-1.webp\" width=\"1330\" height=\"1158\" srcset=\"https:\/\/circulareconomyforum.at\/wp-content\/uploads\/2025\/09\/CEFA_Mockup_2025-1.webp 1330w, https:\/\/circulareconomyforum.at\/wp-content\/uploads\/2025\/09\/CEFA_Mockup_2025-1-300x261.webp 300w, https:\/\/circulareconomyforum.at\/wp-content\/uploads\/2025\/09\/CEFA_Mockup_2025-1-1024x892.webp 1024w, https:\/\/circulareconomyforum.at\/wp-content\/uploads\/2025\/09\/CEFA_Mockup_2025-1-768x669.webp 768w, https:\/\/circulareconomyforum.at\/wp-content\/uploads\/2025\/09\/CEFA_Mockup_2025-1-14x12.webp 14w\" sizes=\"auto, (max-width: 1330px) 100vw, 1330px\"><\/div>\n\t<\/div><\/figure>\n\n<\/div>\n<\/div><div class=\"bde-column-8210-104-8210-1 bde-column bde-column-8210-104\" data-parallax=\"true\">\n  \n  \n\t\n\n\n\n<div class=\"bde-text-8210-105-8210-1 bde-text bde-text-8210-105\">\nCircular <br>Insider Austria\n<\/div><h2 class=\"bde-heading-8210-106-8210-1 bde-heading bde-heading-8210-106\">\nThe Place To Be\n<\/h2><div class=\"bde-div-8210-107-8210-1 bde-div bde-div-8210-107\">\n  \n  \n\t\n\n\n\n<div class=\"bde-div-8210-108-8210-1 bde-div bde-div-8210-108\">\n  \n  \n\t\n\n\n\n<div class=\"bde-text-8210-109-8210-1 bde-text bde-text-8210-109\">\nWith strong voices from practice, politics and research, our magazine summarises relevant developments, innovative projects and strategic perspectives on the circular economy in Austria.\n<\/div><div class=\"bde-button-8210-110-8210-1 bde-button bde-button-8210-110\">\n    \n                        \n                        \n    \n    \n    \n    \n            \n                    \n            \n            \n\n    \n    \n    \n    \n    \n    <a class=\"breakdance-link button-atom button-atom--secondary bde-button__button\" href=\"https:\/\/circulareconomyforum.at\/en\/magazin\/\" target=\"_self\" data-type=\"url\"  >\n\n    \n        <span class=\"button-atom__text\">Magazines<\/span>\n\n        \n        \n                <\/a>\n\n    \n\n\n<\/div>\n<\/div><div class=\"bde-div-8210-111-8210-1 bde-div bde-div-8210-111\">\n  \n  \n\t\n\n\n\n<div class=\"bde-image-8210-112-8210-1 bde-image bde-image-8210-112\" data-entrance=\"slideRight\">\n<figure class=\"breakdance-image breakdance-image--9786\">\n\t<div class=\"breakdance-image-container\">\n\t\t<div class=\"breakdance-image-clip\"><img loading=\"lazy\" decoding=\"async\" class=\"breakdance-image-object\" src=\"https:\/\/circulareconomyforum.at\/wp-content\/uploads\/2025\/09\/CEFA_Mockup_2025_geoeffnet.png\" width=\"1383\" height=\"1029\" srcset=\"https:\/\/circulareconomyforum.at\/wp-content\/uploads\/2025\/09\/CEFA_Mockup_2025_geoeffnet.png 1383w, https:\/\/circulareconomyforum.at\/wp-content\/uploads\/2025\/09\/CEFA_Mockup_2025_geoeffnet-300x223.png 300w, https:\/\/circulareconomyforum.at\/wp-content\/uploads\/2025\/09\/CEFA_Mockup_2025_geoeffnet-1024x762.png 1024w, https:\/\/circulareconomyforum.at\/wp-content\/uploads\/2025\/09\/CEFA_Mockup_2025_geoeffnet-768x571.png 768w, https:\/\/circulareconomyforum.at\/wp-content\/uploads\/2025\/09\/CEFA_Mockup_2025_geoeffnet-16x12.png 16w\" sizes=\"auto, (max-width: 1383px) 100vw, 1383px\"><\/div>\n\t<\/div><\/figure>\n\n<\/div>\n<\/div>\n<\/div>\n<\/div><\/div><\/div>\n<\/section><\/div><\/div>\n<\/section>","protected":false},"excerpt":{"rendered":"<p>Gemeinsam mehr bewegen Kontakt Sie m\u00f6chten mehr \u00fcber unsere Arbeit erfahren, eine Kooperation ansto\u00dfen oder uns eine Frage stellen? Wir freuen uns \u00fcber Ihr Interesse!Gerne stehen wir Ihnen f\u00fcr Anfragen, [&hellip;]<\/p>\n","protected":false},"author":1,"featured_media":0,"parent":0,"menu_order":0,"comment_status":"closed","ping_status":"closed","template":"","meta":{"_acf_changed":false,"_breakdance_hide_in_design_set":false,"_breakdance_tags":"","footnotes":""},"class_list":["post-7882","page","type-page","status-publish","hentry"],"acf":[],"yoast_head":"<!-- This site is optimized with the Yoast SEO Premium plugin v27.3 (Yoast SEO v27.1.1) - https:\/\/yoast.com\/product\/yoast-seo-premium-wordpress\/ -->\n<title>Kontakt - Circular Economy Forum Austria<\/title>\n<meta name=\"robots\" content=\"index, follow, max-snippet:-1, max-image-preview:large, max-video-preview:-1\" \/>\n<link rel=\"canonical\" href=\"https:\/\/circulareconomyforum.at\/en\/kontakt\/\" \/>\n<meta property=\"og:locale\" content=\"en_GB\" \/>\n<meta property=\"og:type\" content=\"article\" \/>\n<meta property=\"og:title\" content=\"Kontakt - Circular Economy Forum Austria\" \/>\n<meta property=\"og:description\" content=\"Gemeinsam mehr bewegen Kontakt Sie m\u00f6chten mehr \u00fcber unsere Arbeit erfahren, eine Kooperation ansto\u00dfen oder uns eine Frage stellen? Wir freuen uns \u00fcber Ihr Interesse!Gerne stehen wir Ihnen f\u00fcr Anfragen, [&hellip;]\" \/>\n<meta property=\"og:url\" content=\"https:\/\/circulareconomyforum.at\/en\/kontakt\/\" \/>\n<meta property=\"og:site_name\" content=\"Circular Economy Forum Austria\" \/>\n<meta property=\"article:modified_time\" content=\"2025-09-03T08:43:18+00:00\" \/>\n<meta name=\"twitter:card\" content=\"summary_large_image\" \/>\n<script type=\"application\/ld+json\" class=\"yoast-schema-graph\">{\"@context\":\"https:\/\/schema.org\",\"@graph\":[{\"@type\":\"WebPage\",\"@id\":\"https:\/\/circulareconomyforum.at\/kontakt\/\",\"url\":\"https:\/\/circulareconomyforum.at\/kontakt\/\",\"name\":\"Kontakt - Circular Economy Forum Austria\",\"isPartOf\":{\"@id\":\"https:\/\/circulareconomyforum.at\/#website\"},\"datePublished\":\"2025-06-18T14:22:52+00:00\",\"dateModified\":\"2025-09-03T08:43:18+00:00\",\"breadcrumb\":{\"@id\":\"https:\/\/circulareconomyforum.at\/kontakt\/#breadcrumb\"},\"inLanguage\":\"en-GB\",\"potentialAction\":[{\"@type\":\"ReadAction\",\"target\":[\"https:\/\/circulareconomyforum.at\/kontakt\/\"]}]},{\"@type\":\"BreadcrumbList\",\"@id\":\"https:\/\/circulareconomyforum.at\/kontakt\/#breadcrumb\",\"itemListElement\":[{\"@type\":\"ListItem\",\"position\":1,\"name\":\"Startseite\",\"item\":\"https:\/\/circulareconomyforum.at\/\"},{\"@type\":\"ListItem\",\"position\":2,\"name\":\"Kontakt\"}]},{\"@type\":\"WebSite\",\"@id\":\"https:\/\/circulareconomyforum.at\/#website\",\"url\":\"https:\/\/circulareconomyforum.at\/\",\"name\":\"Circular Economy Forum Austria\",\"description\":\"\",\"potentialAction\":[{\"@type\":\"SearchAction\",\"target\":{\"@type\":\"EntryPoint\",\"urlTemplate\":\"https:\/\/circulareconomyforum.at\/?s={search_term_string}\"},\"query-input\":{\"@type\":\"PropertyValueSpecification\",\"valueRequired\":true,\"valueName\":\"search_term_string\"}}],\"inLanguage\":\"en-GB\"}]}<\/script>\n<!-- \/ Yoast SEO Premium plugin. -->","yoast_head_json":{"title":"Kontakt - Circular Economy Forum Austria","robots":{"index":"index","follow":"follow","max-snippet":"max-snippet:-1","max-image-preview":"max-image-preview:large","max-video-preview":"max-video-preview:-1"},"canonical":"https:\/\/circulareconomyforum.at\/en\/kontakt\/","og_locale":"en_GB","og_type":"article","og_title":"Kontakt - Circular Economy Forum Austria","og_description":"Gemeinsam mehr bewegen Kontakt Sie m\u00f6chten mehr \u00fcber unsere Arbeit erfahren, eine Kooperation ansto\u00dfen oder uns eine Frage stellen? Wir freuen uns \u00fcber Ihr Interesse!Gerne stehen wir Ihnen f\u00fcr Anfragen, [&hellip;]","og_url":"https:\/\/circulareconomyforum.at\/en\/kontakt\/","og_site_name":"Circular Economy Forum Austria","article_modified_time":"2025-09-03T08:43:18+00:00","twitter_card":"summary_large_image","schema":{"@context":"https:\/\/schema.org","@graph":[{"@type":"WebPage","@id":"https:\/\/circulareconomyforum.at\/kontakt\/","url":"https:\/\/circulareconomyforum.at\/kontakt\/","name":"Kontakt - Circular Economy Forum Austria","isPartOf":{"@id":"https:\/\/circulareconomyforum.at\/#website"},"datePublished":"2025-06-18T14:22:52+00:00","dateModified":"2025-09-03T08:43:18+00:00","breadcrumb":{"@id":"https:\/\/circulareconomyforum.at\/kontakt\/#breadcrumb"},"inLanguage":"en-GB","potentialAction":[{"@type":"ReadAction","target":["https:\/\/circulareconomyforum.at\/kontakt\/"]}]},{"@type":"BreadcrumbList","@id":"https:\/\/circulareconomyforum.at\/kontakt\/#breadcrumb","itemListElement":[{"@type":"ListItem","position":1,"name":"Startseite","item":"https:\/\/circulareconomyforum.at\/"},{"@type":"ListItem","position":2,"name":"Kontakt"}]},{"@type":"WebSite","@id":"https:\/\/circulareconomyforum.at\/#website","url":"https:\/\/circulareconomyforum.at\/","name":"Circular Economy Forum Austria","description":"","potentialAction":[{"@type":"SearchAction","target":{"@type":"EntryPoint","urlTemplate":"https:\/\/circulareconomyforum.at\/?s={search_term_string}"},"query-input":{"@type":"PropertyValueSpecification","valueRequired":true,"valueName":"search_term_string"}}],"inLanguage":"en-GB"}]}},"_links":{"self":[{"href":"https:\/\/circulareconomyforum.at\/en\/wp-json\/wp\/v2\/pages\/7882","targetHints":{"allow":["GET"]}}],"collection":[{"href":"https:\/\/circulareconomyforum.at\/en\/wp-json\/wp\/v2\/pages"}],"about":[{"href":"https:\/\/circulareconomyforum.at\/en\/wp-json\/wp\/v2\/types\/page"}],"author":[{"embeddable":true,"href":"https:\/\/circulareconomyforum.at\/en\/wp-json\/wp\/v2\/users\/1"}],"replies":[{"embeddable":true,"href":"https:\/\/circulareconomyforum.at\/en\/wp-json\/wp\/v2\/comments?post=7882"}],"version-history":[{"count":0,"href":"https:\/\/circulareconomyforum.at\/en\/wp-json\/wp\/v2\/pages\/7882\/revisions"}],"wp:attachment":[{"href":"https:\/\/circulareconomyforum.at\/en\/wp-json\/wp\/v2\/media?parent=7882"}],"curies":[{"name":"wp","href":"https:\/\/api.w.org\/{rel}","templated":true}]}}