{"id":10101,"date":"2025-09-10T10:02:56","date_gmt":"2025-09-10T08:02:56","guid":{"rendered":"https:\/\/cefa.nda-agency.com\/?page_id=10101"},"modified":"2025-09-10T10:02:56","modified_gmt":"2025-09-10T08:02:56","slug":"wartungsmodus","status":"publish","type":"page","link":"https:\/\/circulareconomyforum.at\/en\/wartungsmodus\/","title":{"rendered":"Wartungsmodus"},"content":{"rendered":"<section class=\"bde-section-10101-100 bde-section\">\n  \n  \n\t\n\n\n\n<div class=\"section-container\"><div class=\"bde-div-10101-102 bde-div\">\n  \n  \n\t\n\n\n\n<div class=\"bde-div-10101-101 bde-div\">\n  \n  \n\t\n\n\n\n<img decoding=\"async\" class=\"bde-image2-10101-103 bde-image2\" src=\"https:\/\/circulareconomyforum.at\/wp-content\/uploads\/2025\/04\/cefa-fallback.png\" loading=\"lazy\" srcset=\"https:\/\/circulareconomyforum.at\/wp-content\/uploads\/2025\/04\/cefa-fallback.png 1920w, https:\/\/circulareconomyforum.at\/wp-content\/uploads\/2025\/04\/cefa-fallback-300x169.png 300w, https:\/\/circulareconomyforum.at\/wp-content\/uploads\/2025\/04\/cefa-fallback-1024x576.png 1024w, https:\/\/circulareconomyforum.at\/wp-content\/uploads\/2025\/04\/cefa-fallback-768x432.png 768w, https:\/\/circulareconomyforum.at\/wp-content\/uploads\/2025\/04\/cefa-fallback-1536x864.png 1536w, https:\/\/circulareconomyforum.at\/wp-content\/uploads\/2025\/04\/cefa-fallback-18x10.png 18w\" sizes=\"(max-width: 1920px) 100vw, 1920px\"><div class=\"bde-div-10101-104 bde-div\">\n  \n  \n\t\n\n\n\n<h1 class=\"bde-heading-10101-105 bde-heading\">\nMaintenance mode.\n<\/h1><div class=\"bde-text-10101-106 bde-text\">\nOur website is currently in maintenance mode.<br>We carry out technical work to improve our service for you.<br><br>Please be patient and try again shortly.<br>Thank you for your understanding.\n<\/div>\n<\/div>\n<\/div>\n<\/div><\/div>\n<\/section>","protected":false},"excerpt":{"rendered":"<p>Wartungsmodus. Unsere Website befindet sich derzeit im Wartungsmodus.Wir f\u00fchren technische Arbeiten durch, um unseren Service f\u00fcr Sie zu verbessern.Bitte haben Sie etwas Geduld und versuchen Sie es in K\u00fcrze erneut.Vielen [&hellip;]<\/p>\n","protected":false},"author":2,"featured_media":0,"parent":0,"menu_order":0,"comment_status":"closed","ping_status":"closed","template":"","meta":{"_acf_changed":false,"_breakdance_hide_in_design_set":false,"_breakdance_tags":"","footnotes":""},"class_list":["post-10101","page","type-page","status-publish","hentry"],"acf":[],"yoast_head":"<!-- This site is optimized with the Yoast SEO Premium plugin v27.4 (Yoast SEO v27.4) - https:\/\/yoast.com\/product\/yoast-seo-premium-wordpress\/ -->\n<title>Wartungsmodus - Circular Economy Forum Austria<\/title>\n<meta name=\"robots\" content=\"index, follow, max-snippet:-1, max-image-preview:large, max-video-preview:-1\" \/>\n<link rel=\"canonical\" href=\"https:\/\/circulareconomyforum.at\/en\/wartungsmodus\/\" \/>\n<meta property=\"og:locale\" content=\"en_GB\" \/>\n<meta property=\"og:type\" content=\"article\" \/>\n<meta property=\"og:title\" content=\"Wartungsmodus\" \/>\n<meta property=\"og:description\" content=\"Wartungsmodus. Unsere Website befindet sich derzeit im Wartungsmodus.Wir f\u00fchren technische Arbeiten durch, um unseren Service f\u00fcr Sie zu verbessern.Bitte haben Sie etwas Geduld und versuchen Sie es in K\u00fcrze erneut.Vielen [&hellip;]\" \/>\n<meta property=\"og:url\" content=\"https:\/\/circulareconomyforum.at\/en\/wartungsmodus\/\" \/>\n<meta property=\"og:site_name\" content=\"Circular Economy Forum Austria\" \/>\n<meta property=\"og:image\" content=\"https:\/\/circulareconomyforum.at\/wp-content\/uploads\/2025\/04\/cefa-fallback.png\" \/>\n\t<meta property=\"og:image:width\" content=\"1920\" \/>\n\t<meta property=\"og:image:height\" content=\"1080\" \/>\n\t<meta property=\"og:image:type\" content=\"image\/png\" \/>\n<meta name=\"twitter:card\" content=\"summary_large_image\" \/>\n<script type=\"application\/ld+json\" class=\"yoast-schema-graph\">{\"@context\":\"https:\\\/\\\/schema.org\",\"@graph\":[{\"@type\":\"WebPage\",\"@id\":\"https:\\\/\\\/circulareconomyforum.at\\\/wartungsmodus\\\/\",\"url\":\"https:\\\/\\\/circulareconomyforum.at\\\/wartungsmodus\\\/\",\"name\":\"Wartungsmodus - Circular Economy Forum Austria\",\"isPartOf\":{\"@id\":\"https:\\\/\\\/circulareconomyforum.at\\\/#website\"},\"datePublished\":\"2025-09-10T08:02:56+00:00\",\"breadcrumb\":{\"@id\":\"https:\\\/\\\/circulareconomyforum.at\\\/wartungsmodus\\\/#breadcrumb\"},\"inLanguage\":\"en-GB\",\"potentialAction\":[{\"@type\":\"ReadAction\",\"target\":[\"https:\\\/\\\/circulareconomyforum.at\\\/wartungsmodus\\\/\"]}]},{\"@type\":\"BreadcrumbList\",\"@id\":\"https:\\\/\\\/circulareconomyforum.at\\\/wartungsmodus\\\/#breadcrumb\",\"itemListElement\":[{\"@type\":\"ListItem\",\"position\":1,\"name\":\"Startseite\",\"item\":\"https:\\\/\\\/circulareconomyforum.at\\\/\"},{\"@type\":\"ListItem\",\"position\":2,\"name\":\"Wartungsmodus\"}]},{\"@type\":\"WebSite\",\"@id\":\"https:\\\/\\\/circulareconomyforum.at\\\/#website\",\"url\":\"https:\\\/\\\/circulareconomyforum.at\\\/\",\"name\":\"Circular Economy Forum Austria\",\"description\":\"\",\"potentialAction\":[{\"@type\":\"SearchAction\",\"target\":{\"@type\":\"EntryPoint\",\"urlTemplate\":\"https:\\\/\\\/circulareconomyforum.at\\\/?s={search_term_string}\"},\"query-input\":{\"@type\":\"PropertyValueSpecification\",\"valueRequired\":true,\"valueName\":\"search_term_string\"}}],\"inLanguage\":\"en-GB\"}]}<\/script>\n<!-- \/ Yoast SEO Premium plugin. -->","yoast_head_json":{"title":"Wartungsmodus - Circular Economy Forum Austria","robots":{"index":"index","follow":"follow","max-snippet":"max-snippet:-1","max-image-preview":"max-image-preview:large","max-video-preview":"max-video-preview:-1"},"canonical":"https:\/\/circulareconomyforum.at\/en\/wartungsmodus\/","og_locale":"en_GB","og_type":"article","og_title":"Wartungsmodus","og_description":"Wartungsmodus. Unsere Website befindet sich derzeit im Wartungsmodus.Wir f\u00fchren technische Arbeiten durch, um unseren Service f\u00fcr Sie zu verbessern.Bitte haben Sie etwas Geduld und versuchen Sie es in K\u00fcrze erneut.Vielen [&hellip;]","og_url":"https:\/\/circulareconomyforum.at\/en\/wartungsmodus\/","og_site_name":"Circular Economy Forum Austria","og_image":[{"width":1920,"height":1080,"url":"https:\/\/circulareconomyforum.at\/wp-content\/uploads\/2025\/04\/cefa-fallback.png","type":"image\/png"}],"twitter_card":"summary_large_image","schema":{"@context":"https:\/\/schema.org","@graph":[{"@type":"WebPage","@id":"https:\/\/circulareconomyforum.at\/wartungsmodus\/","url":"https:\/\/circulareconomyforum.at\/wartungsmodus\/","name":"Wartungsmodus - Circular Economy Forum Austria","isPartOf":{"@id":"https:\/\/circulareconomyforum.at\/#website"},"datePublished":"2025-09-10T08:02:56+00:00","breadcrumb":{"@id":"https:\/\/circulareconomyforum.at\/wartungsmodus\/#breadcrumb"},"inLanguage":"en-GB","potentialAction":[{"@type":"ReadAction","target":["https:\/\/circulareconomyforum.at\/wartungsmodus\/"]}]},{"@type":"BreadcrumbList","@id":"https:\/\/circulareconomyforum.at\/wartungsmodus\/#breadcrumb","itemListElement":[{"@type":"ListItem","position":1,"name":"Startseite","item":"https:\/\/circulareconomyforum.at\/"},{"@type":"ListItem","position":2,"name":"Wartungsmodus"}]},{"@type":"WebSite","@id":"https:\/\/circulareconomyforum.at\/#website","url":"https:\/\/circulareconomyforum.at\/","name":"Circular Economy Forum Austria","description":"","potentialAction":[{"@type":"SearchAction","target":{"@type":"EntryPoint","urlTemplate":"https:\/\/circulareconomyforum.at\/?s={search_term_string}"},"query-input":{"@type":"PropertyValueSpecification","valueRequired":true,"valueName":"search_term_string"}}],"inLanguage":"en-GB"}]}},"_links":{"self":[{"href":"https:\/\/circulareconomyforum.at\/en\/wp-json\/wp\/v2\/pages\/10101","targetHints":{"allow":["GET"]}}],"collection":[{"href":"https:\/\/circulareconomyforum.at\/en\/wp-json\/wp\/v2\/pages"}],"about":[{"href":"https:\/\/circulareconomyforum.at\/en\/wp-json\/wp\/v2\/types\/page"}],"author":[{"embeddable":true,"href":"https:\/\/circulareconomyforum.at\/en\/wp-json\/wp\/v2\/users\/2"}],"replies":[{"embeddable":true,"href":"https:\/\/circulareconomyforum.at\/en\/wp-json\/wp\/v2\/comments?post=10101"}],"version-history":[{"count":0,"href":"https:\/\/circulareconomyforum.at\/en\/wp-json\/wp\/v2\/pages\/10101\/revisions"}],"wp:attachment":[{"href":"https:\/\/circulareconomyforum.at\/en\/wp-json\/wp\/v2\/media?parent=10101"}],"curies":[{"name":"wp","href":"https:\/\/api.w.org\/{rel}","templated":true}]}}